{"id":1522,"date":"2024-01-08T17:25:13","date_gmt":"2024-01-08T17:25:13","guid":{"rendered":"https:\/\/iraqbet.com\/?page_id=1522"},"modified":"2025-06-09T09:26:35","modified_gmt":"2025-06-09T09:26:35","slug":"kullanim-sartlari","status":"publish","type":"page","link":"https:\/\/iraqbet.com\/tr\/kullanim-sartlari\/","title":{"rendered":"Kullan\u0131m \u015eartlar\u0131"},"content":{"rendered":"\n<p>A\u015fa\u011f\u0131da,&nbsp;<a href=\"https:\/\/iraqbet.com\/tr\/\">IraqBet.com<\/a>&nbsp;i\u00e7in \u00f6zetlenen \u015fartlar ve ko\u015fullar i\u00e7in tamamen ge\u00e7erlidir: \u201cWeb sitesi\u201d nin herhangi bir \u015fekilde kullan\u0131lmas\u0131 www.IraqBet.com\u2019a at\u0131fta bulunur. \u201cSiz\u201d ifadesinin herhangi bir \u015fekilde kullan\u0131lmas\u0131, siteyi ziyaret eden herhangi bir ki\u015fi veya ki\u015filere at\u0131fta bulunur ve ayn\u0131s\u0131, bu web sitesine i\u00e7erik katk\u0131s\u0131 yap\u0131l\u0131rken de ge\u00e7erlidir. \u201cS\u00f6zle\u015fme\u201d nin herhangi bir kullan\u0131m\u0131, bu belgede ana hatlar\u0131 verilen bildirimler, h\u00fck\u00fcmler ve ko\u015fullar\u0131 ifade eder.<\/p>\n\n\n\n<p>Bu web sitesinin kullan\u0131m\u0131 ve eri\u015fimi, \u201cS\u00f6zle\u015fme\u201dde herhangi bir de\u011fi\u015fiklik yap\u0131lmadan kabul\u00fcn\u00fcze ba\u011fl\u0131 olarak size sunulmaktad\u0131r. Bu siteye eri\u015ferek ve kullanarak, S\u00f6zle\u015fmenin s\u0131n\u0131rlamalar\u0131n\u0131 ve s\u0131n\u0131rlar\u0131n\u0131 tamamen kabul etmi\u015f say\u0131l\u0131rs\u0131n\u0131z. Web sitesinin herhangi bir \u015fekilde kullan\u0131lmas\u0131 i\u00e7in&nbsp; S\u00f6zle\u015fmeye tam olarak uyulmas\u0131 gerektidi\u011finden, s\u00f6zle\u015fmeyi dikkatlice okuman\u0131z\u0131 \u00f6neririz. Bu s\u00f6zle\u015fmeye tam olarak kat\u0131lmak istemiyorsan\u0131z, siteden ayr\u0131lman\u0131z\u0131 \u00f6neririz. Bu web sitesinin h\u00fck\u00fcm ve ko\u015fullar\u0131n\u0131 tam olarak kabul etmeyen herhangi bir ki\u015finin bu web sitesini kullanma yetkisi yoktur.<\/p>\n\n\n\n<p>Anla\u015fmaya uygun g\u00f6rd\u00fc\u011f\u00fcm\u00fcz herhangi bir d\u00fczeltme, de\u011fi\u015fiklik ve de\u011fi\u015fiklik yapma hakk\u0131n\u0131 sakl\u0131 tutar\u0131z. Bunlar, s\u00f6z konusu de\u011fi\u015fikliklerin site kullan\u0131c\u0131lar\u0131na bildirilmesine gerek kalmadan tercihimizde yap\u0131lmaktad\u0131r. Bu iste\u011fe ba\u011fl\u0131 de\u011fi\u015fikliklerden sonra sitenin daha fazla kullan\u0131lmas\u0131, s\u00f6zle\u015fmenin kabul\u00fc olarak de\u011ferlendirilecektir. Bu S\u00f6zle\u015fmeye uymak ve kabul etmek, bu web sitesinin kullan\u0131m\u0131n\u0131n ve eri\u015fiminin sizin i\u00e7in yararl\u0131 oldu\u011fu bir durumdur.<\/p>\n\n\n\n<p>Bu siteyi (\u201cweb sitesi\u201d) ziyaret ederek, a\u015fa\u011f\u0131da belirtilen \u015fartlar\u0131 (\u201c\u015fartlar ve ko\u015fullar\u201d) tamamen kabul etmi\u015f olursunuz. Ko\u015fullar, bu web sitesinde yay\u0131nlanan i\u00e7eri\u011fin m\u00fclkiyet haklar\u0131, sahibinin (\u201cbiz\u201d) 3. \u015fah\u0131s i\u00e7eri\u011fi ve bununla ilgili sorumlulu\u011fu ve ayr\u0131ca sorumluluk reddi ile ilgili \u00e7ok \u00f6nemli ayr\u0131nt\u0131lar\u0131 i\u00e7ermektedir. L\u00fctfen web sitesini kullanmaya ba\u015flamadan \u00f6nce gizlilik politikam\u0131z\u0131n yan\u0131 s\u0131ra h\u00fck\u00fcm ve ko\u015fullar\u0131 dikkatlice kontrol edin. Web sitesini kullanarak, \u015fartlar\u0131 tamamen kabul etti\u011finizi ve ayr\u0131ca hepsine uymay\u0131 kabul etti\u011finizi do\u011frulars\u0131n\u0131z. T\u00fcm bu \u015fartlara ve ko\u015fullara kat\u0131lm\u0131yorsan\u0131z siteyi kullanmaman\u0131z\u0131 \u00f6neririz.<\/p>\n\n\n\n<h2 class=\"wp-block-heading\"><span class=\"ez-toc-section\" id=\"Giris\"><\/span>Giri\u015f<span class=\"ez-toc-section-end\"><\/span><\/h2>\n\n\n\n<p>Hi\u00e7bir \u015fekilde bu web sitesinin veya i\u00e7erdi\u011fi i\u00e7eri\u011finin kesintisiz veya eri\u015filebilir olaca\u011f\u0131na dair s\u00f6z vermiyoruz. \u00d6nceden bildirimde bulunmaks\u0131z\u0131n web sitesinin tamam\u0131n\u0131 veya bir k\u0131sm\u0131n\u0131 de\u011fi\u015ftirebilir, durdurabilir, geri \u00e7ekebilir veya ask\u0131ya alabiliriz. Web sitemizin herhangi bir zamanda eri\u015filebilir olmamas\u0131 durumunda, herhangi bir nedenle size kar\u015f\u0131 hi\u00e7bir \u015fekilde sorumlu de\u011filiz. Sitenin kullan\u0131labilirli\u011fini veya web sitemizde a\u00e7\u0131klanan herhangi bir \u00fcr\u00fcn veya hizmeti herhangi bir zamanda herhangi bir co\u011frafi alan veya ki\u015fi ile s\u0131n\u0131rlayabiliriz.<\/p>\n\n\n\n<h2 class=\"wp-block-heading\"><span class=\"ez-toc-section\" id=\"Bilgiye_Sifir_Guven\"><\/span>Bilgiye S\u0131f\u0131r G\u00fcven<span class=\"ez-toc-section-end\"><\/span><\/h2>\n\n\n\n<p>Web sitemiz i\u00e7in i\u00e7erik haz\u0131rlarken temkinli davrand\u0131k. Ge\u00e7erli t\u00fcm yasalar\u0131n izin verdi\u011fi \u00f6l\u00e7\u00fcde, web sitesinde bulunan materyallerde bulunan i\u00e7eri\u011fin do\u011frulu\u011fu ile ilgili z\u0131mni veya a\u00e7\u0131k t\u00fcm garantileri reddediyoruz. Bu web sitesindeki bilgilerin s\u00fcrekli de\u011fi\u015fen niteli\u011fi nedeniyle, web sitesi arac\u0131l\u0131\u011f\u0131yla eri\u015filebilen bilgilerin g\u00fcncel, tam veya do\u011fru olmamas\u0131 nedeniyle dolayl\u0131 veya do\u011frudan do\u011fabilecek kay\u0131p veya zararlardan hi\u00e7bir \u015fekilde sorumlu de\u011filiz.<\/p>\n\n\n\n<h2 class=\"wp-block-heading\"><span class=\"ez-toc-section\" id=\"Virusler\"><\/span>Vir\u00fcsler<span class=\"ez-toc-section-end\"><\/span><\/h2>\n\n\n\n<p>Hi\u00e7bir \u015fekilde web sitesinin vir\u00fcslerden veya hatalardan tamamen \u00fccretsiz veya g\u00fcvenli olaca\u011f\u0131n\u0131 garanti etmiyoruz. \u0130\u00e7sel ileti\u015fim riskleri ve web \u00fczerinden veri aktar\u0131m\u0131 nedeniyle, solucanlardan, vir\u00fcslerden veya di\u011fer k\u00f6t\u00fc niyetli kodlardan kaynaklanan kay\u0131p veya zararlardan veya verilerin kayb\u0131, bozulmas\u0131, donan\u0131m veya yaz\u0131l\u0131m hasarlar\u0131ndan hi\u00e7bir \u015fekilde sorumlu de\u011filiz.<\/p>\n\n\n\n<p>Vir\u00fcsten koruma yaz\u0131l\u0131m\u0131n\u0131z\u0131 kullanman\u0131z\u0131 \u015fiddetle tavsiye ederiz.<\/p>\n\n\n\n<h2 class=\"wp-block-heading\"><span class=\"ez-toc-section\" id=\"Fikri_mulkiyet_hakki\"><\/span>Fikri m\u00fclkiyet hakk\u0131<span class=\"ez-toc-section-end\"><\/span><\/h2>\n\n\n\n<p>Bu sitenin sayfalar\u0131nda yay\u0131nlanan t\u00fcm i\u00e7erikler \u00f6zel m\u00fclkiyetimizdir. Bu ba\u011flamda, i\u00e7erik terimi t\u00fcm yaz\u0131l\u0131mlar\u0131, hareketli g\u00f6r\u00fcnt\u00fcleri, grafikleri, g\u00f6r\u00fcnt\u00fcleri ve metni i\u00e7erir. \u0130\u00e7erik sahipli\u011fi, Birle\u015fik Krall\u0131k\u2019\u0131n ge\u00e7erli yasalar\u0131na tabidir. Bu nedenle, bu i\u00e7eri\u011fin herhangi bir b\u00f6l\u00fcm\u00fcn\u00fc i\u015flemenize, da\u011f\u0131tman\u0131za veya kopyalaman\u0131za veya i\u00e7eri\u011fi \u00f6nceden almam\u0131z gereken a\u00e7\u0131k yaz\u0131l\u0131 onay olmadan ticari ama\u00e7larla kullanman\u0131za hi\u00e7bir \u015fekilde izin verilmez.<\/p>\n\n\n\n<h2 class=\"wp-block-heading\"><span class=\"ez-toc-section\" id=\"Gizlilik_Politikasi\"><\/span>Gizlilik Politikas\u0131<span class=\"ez-toc-section-end\"><\/span><\/h2>\n\n\n\n<p>Bu, h\u00fck\u00fcm ve ko\u015fullar\u0131m\u0131z\u0131n bir par\u00e7as\u0131d\u0131r ve bu web sitesinin kullan\u0131c\u0131lar\u0131 i\u00e7in ge\u00e7erlidir. Gizlilik politikam\u0131z\u0131 kontrol etmek i\u00e7in buray\u0131&nbsp;t\u0131klay\u0131n. Web sitesini ziyaret ederek ve g\u00f6r\u00fcnt\u00fcleyerek, internet iletiminin g\u00fcvenli olmad\u0131\u011f\u0131n\u0131 tam olarak kabul etmektesiniz. Belirli bir iletim tamamen \u015fifrelenmi\u015f olsa bile, web sitesine iletti\u011finiz herhangi bir verinin yakalanabilece\u011fini veya okunabilece\u011fini dikkate almal\u0131s\u0131n\u0131z.<\/p>\n\n\n\n<h2 class=\"wp-block-heading\"><span class=\"ez-toc-section\" id=\"3_taraf_web_sitelerine_baglantilar\"><\/span>3. taraf web sitelerine ba\u011flant\u0131lar<span class=\"ez-toc-section-end\"><\/span><\/h2>\n\n\n\n<p>Bu web sitesi, kendi ko\u015ful ve \u015fartlar\u0131na sahip \u00fc\u00e7\u00fcnc\u00fc taraf web sitelerine k\u00f6pr\u00fcler i\u00e7erir, bu nedenle, bu \u00fc\u00e7\u00fcnc\u00fc taraf sitelerini kullanmadan \u00f6nce \u015fartlar\u0131n\u0131 ayr\u0131nt\u0131l\u0131 olarak okuman\u0131z\u0131 \u00f6neririz. Ayr\u0131ca, bu web sitelerinde bulunan bilgilerin herhangi bir yetkisini kullanm\u0131yoruz ve bunlar\u0131n do\u011frulu\u011fundan sorumlu de\u011filiz. Sorumlu olanlar, Web y\u00f6neticileri ve bu sitelerin sahipleridir.<\/p>\n\n\n\n<h2 class=\"wp-block-heading\"><span class=\"ez-toc-section\" id=\"Sorumluluk_Sinirlamalari\"><\/span>Sorumluluk S\u0131n\u0131rlamalar\u0131<span class=\"ez-toc-section-end\"><\/span><\/h2>\n\n\n\n<p>Bu web sitesini veya \u00fczerinde yay\u0131nlanan i\u00e7eri\u011fi kullanman\u0131zla ba\u011flant\u0131l\u0131 olarak maruz kalabilece\u011finiz herhangi bir kay\u0131p veya zarardan sorumlu de\u011filiz. Bununla birlikte, bu sitede yer alan ayr\u0131nt\u0131lar\u0131, makaleleri ve ba\u011flant\u0131lar\u0131 g\u00fcncel tutmaya \u00e7al\u0131\u015f\u0131yoruz, ancak \u00fc\u00e7\u00fcnc\u00fc taraf web siteleri taraf\u0131ndan yap\u0131lan tutars\u0131zl\u0131klardan veya hatalardan sorumlu de\u011filiz. Ayr\u0131ca, bu sitenin herhangi bir kullan\u0131m amac\u0131 i\u00e7in tatmin edici kalitede eri\u015filebilirli\u011fini garanti etmiyoruz. Bu web sitesi yaln\u0131zca bilgilendirme amac\u0131yla olu\u015fturulmu\u015ftur ve \u00fczerinde kumar veya bahis hizmetleri sunulmamaktad\u0131r. \u00dc\u00e7\u00fcnc\u00fc \u015fah\u0131s sitelerine y\u00f6nlendiren bannerlar\u0131 veya ba\u011flant\u0131lar\u0131 takip ettikten sonra maruz kalabilece\u011finiz herhangi bir masraf veya kay\u0131ptan hi\u00e7bir \u015fekilde sorumlu veya y\u00fck\u00fcml\u00fc de\u011filiz.<\/p>\n\n\n\n<h2 class=\"wp-block-heading\"><span class=\"ez-toc-section\" id=\"Bilincli_Olarak_Casino_Oyunu_Oynama\"><\/span>Bilin\u00e7li Olarak Casino Oyunu Oynama<span class=\"ez-toc-section-end\"><\/span><\/h2>\n\n\n\n<p>Casinolara kat\u0131lman\u0131z\u0131 mali sorunlar\u0131n\u0131z\u0131n bir \u00e7\u00f6z\u00fcm yolu olarak de\u011fil, e\u011flence ve zevk i\u00e7in bilin\u00e7li bir \u015fekilde bahis yapman\u0131z\u0131 \u015fiddetle tavsiye ederiz. Bahis ya\u015f\u0131 s\u0131n\u0131rlamas\u0131 vard\u0131r. Re\u015fit olmayanlar i\u00e7in bahisler yasa d\u0131\u015f\u0131d\u0131r. Bilin\u00e7li bahis&nbsp; oynayam\u0131yorsan\u0131z&nbsp; bu konuda herhangi bir deste\u011fe ihtiyac\u0131n\u0131z varsa&nbsp; tedavi olmak ve destek almak i\u00e7in herhangi bir ba\u011f\u0131ms\u0131z otoriteyi ziyaret etmenizi \u00f6neririz.<\/p>\n\n\n\n<p>H\u00fck\u00fcm ve Ko\u015fullar\u0131m\u0131zdaki De\u011fi\u015fiklikler<\/p>\n\n\n\n<p>Tercihimize ba\u011fl\u0131 olarak, size bildirimde bulunmaks\u0131z\u0131n herhangi bir zamanda \u015fartlar ve ko\u015fullarda gerekli de\u011fi\u015fiklikleri yapabiliriz. Herhangi bir g\u00fcncelleme yap\u0131l\u0131p yap\u0131lmad\u0131\u011f\u0131n\u0131 kontrol etmek i\u00e7in bu web sitesini d\u00fczenli olarak ziyaret etmenizi \u015fiddetle tavsiye ederiz.<\/p>\n","protected":false},"excerpt":{"rendered":"<p>A\u015fa\u011f\u0131da,&nbsp;IraqBet.com&nbsp;i\u00e7in \u00f6zetlenen \u015fartlar ve ko\u015fullar i\u00e7in tamamen ge\u00e7erlidir: \u201cWeb sitesi\u201d nin herhangi bir \u015fekilde kullan\u0131lmas\u0131 www.IraqBet.com\u2019a at\u0131fta bulunur. \u201cSiz\u201d ifadesinin herhangi bir \u015fekilde kullan\u0131lmas\u0131, siteyi ziyaret eden herhangi bir ki\u015fi veya ki\u015filere at\u0131fta bulunur ve ayn\u0131s\u0131, bu web sitesine i\u00e7erik katk\u0131s\u0131 yap\u0131l\u0131rken de ge\u00e7erlidir. \u201cS\u00f6zle\u015fme\u201d nin herhangi bir kullan\u0131m\u0131, bu belgede ana hatlar\u0131 verilen bildirimler, [&hellip;]<\/p>\n","protected":false},"author":4,"featured_media":1506,"parent":0,"menu_order":0,"comment_status":"closed","ping_status":"closed","template":"page-full-width.php","meta":{"om_disable_all_campaigns":false,"inline_featured_image":false,"footnotes":""},"class_list":["post-1522","page","type-page","status-publish","has-post-thumbnail","hentry"],"_links":{"self":[{"href":"https:\/\/iraqbet.com\/tr\/wp-json\/wp\/v2\/pages\/1522","targetHints":{"allow":["GET"]}}],"collection":[{"href":"https:\/\/iraqbet.com\/tr\/wp-json\/wp\/v2\/pages"}],"about":[{"href":"https:\/\/iraqbet.com\/tr\/wp-json\/wp\/v2\/types\/page"}],"author":[{"embeddable":true,"href":"https:\/\/iraqbet.com\/tr\/wp-json\/wp\/v2\/users\/4"}],"replies":[{"embeddable":true,"href":"https:\/\/iraqbet.com\/tr\/wp-json\/wp\/v2\/comments?post=1522"}],"version-history":[{"count":0,"href":"https:\/\/iraqbet.com\/tr\/wp-json\/wp\/v2\/pages\/1522\/revisions"}],"wp:featuredmedia":[{"embeddable":true,"href":"https:\/\/iraqbet.com\/tr\/wp-json\/wp\/v2\/media\/1506"}],"wp:attachment":[{"href":"https:\/\/iraqbet.com\/tr\/wp-json\/wp\/v2\/media?parent=1522"}],"curies":[{"name":"wp","href":"https:\/\/api.w.org\/{rel}","templated":true}]}}