{"id":2004,"date":"2025-05-07T10:27:36","date_gmt":"2025-05-07T10:27:36","guid":{"rendered":"https:\/\/iraqbet.com\/?page_id=2004"},"modified":"2025-08-18T09:15:14","modified_gmt":"2025-08-18T09:15:14","slug":"iletisim","status":"publish","type":"page","link":"https:\/\/iraqbet.com\/tr\/iletisim\/","title":{"rendered":"\u0130leti\u015fim Hizmetleri"},"content":{"rendered":"\n<h2 class=\"wp-block-heading\">Bizimle \u0130leti\u015fime Ge\u00e7in!<\/h2>\n\n\n\n<p>Bize her zaman ula\u015fabilirsiniz.,.<\/p>\n\n\n\n<p>Herhangi bir destek veya hizmet i\u00e7in ula\u015fabilece\u011finiz;<\/p>\n\n\n\n<p>E-posta : <a href=\"mailto:info@iraqbet.com\">info@iraqbet.com<\/a><\/p>\n\n\n\n<p>33.3077,44.4121<\/p>\n","protected":false},"excerpt":{"rendered":"<p>Bizimle \u0130leti\u015fime Ge\u00e7in! Bize her zaman ula\u015fabilirsiniz.,. Herhangi bir destek veya hizmet i\u00e7in ula\u015fabilece\u011finiz; E-posta : info@iraqbet.com 33.3077,44.4121<\/p>\n","protected":false},"author":4,"featured_media":1999,"parent":0,"menu_order":0,"comment_status":"closed","ping_status":"closed","template":"page-full-width.php","meta":{"om_disable_all_campaigns":false,"inline_featured_image":false,"footnotes":""},"class_list":["post-2004","page","type-page","status-publish","has-post-thumbnail","hentry"],"_links":{"self":[{"href":"https:\/\/iraqbet.com\/tr\/wp-json\/wp\/v2\/pages\/2004","targetHints":{"allow":["GET"]}}],"collection":[{"href":"https:\/\/iraqbet.com\/tr\/wp-json\/wp\/v2\/pages"}],"about":[{"href":"https:\/\/iraqbet.com\/tr\/wp-json\/wp\/v2\/types\/page"}],"author":[{"embeddable":true,"href":"https:\/\/iraqbet.com\/tr\/wp-json\/wp\/v2\/users\/4"}],"replies":[{"embeddable":true,"href":"https:\/\/iraqbet.com\/tr\/wp-json\/wp\/v2\/comments?post=2004"}],"version-history":[{"count":0,"href":"https:\/\/iraqbet.com\/tr\/wp-json\/wp\/v2\/pages\/2004\/revisions"}],"wp:featuredmedia":[{"embeddable":true,"href":"https:\/\/iraqbet.com\/tr\/wp-json\/wp\/v2\/media\/1999"}],"wp:attachment":[{"href":"https:\/\/iraqbet.com\/tr\/wp-json\/wp\/v2\/media?parent=2004"}],"curies":[{"name":"wp","href":"https:\/\/api.w.org\/{rel}","templated":true}]}}